{"id":2636,"date":"2024-10-10T09:00:57","date_gmt":"2024-10-10T07:00:57","guid":{"rendered":"https:\/\/kairos-pro.de\/?page_id=2636"},"modified":"2025-12-02T10:08:26","modified_gmt":"2025-12-02T09:08:26","slug":"widerruf","status":"publish","type":"page","link":"https:\/\/kairos-pro.de\/en\/widerruf\/","title":{"rendered":"Right of Withdrawal"},"content":{"rendered":"<div data-elementor-type=\"wp-page\" data-elementor-id=\"2636\" class=\"elementor elementor-2636\" data-elementor-post-type=\"page\">\n\t\t\t\t\t\t<section class=\"elementor-section elementor-top-section elementor-element elementor-element-f0efb7c elementor-section-content-middle elementor-section-boxed elementor-section-height-default elementor-section-height-default\" data-id=\"f0efb7c\" data-element_type=\"section\">\n\t\t\t\t\t\t<div class=\"elementor-container elementor-column-gap-extended\">\n\t\t\t\t\t<div class=\"elementor-column elementor-col-100 elementor-top-column elementor-element elementor-element-0154a88 ot-flex-column-vertical elementor-invisible\" data-id=\"0154a88\" data-element_type=\"column\" data-settings=\"{&quot;animation&quot;:&quot;fadeInUp&quot;}\">\n\t\t\t<div class=\"elementor-widget-wrap elementor-element-populated\">\n\t\t\t\t\t\t<div class=\"elementor-element elementor-element-1ba38bd elementor-widget elementor-widget-iheading\" data-id=\"1ba38bd\" data-element_type=\"widget\" data-widget_type=\"iheading.default\">\n\t\t\t\t<div class=\"elementor-widget-container\">\n\t\t\t\t\t\t\t<div class=\"ot-heading\">\r\n\t        <span class=\"is_line\">Kairos Pro Consulting GmbH, Stand: 11.2024<\/span>\t        <h2 class=\"main-head\">Widerrufsbelehrung f\u00fcr digitale Inhalte<\/h2>\t    <\/div>\r\n\t    \t\t\t\t<\/div>\n\t\t\t\t<\/div>\n\t\t\t\t<div class=\"elementor-element elementor-element-ea6db9e elementor-widget elementor-widget-text-editor\" data-id=\"ea6db9e\" data-element_type=\"widget\" data-widget_type=\"text-editor.default\">\n\t\t\t\t<div class=\"elementor-widget-container\">\n\t\t\t\t\t\t\t\t\t<ol>\n<li>Falls Sie Unternehmer im Sinne des \u00a7 14 BGB sind, besteht das Widerrufsrecht nicht. F\u00fcr Verbraucher gilt Folgendes:<\/li>\n<\/ol>\n<h2>Widerrufsrecht<\/h2>\n<p>Sie haben das Recht, binnen vierzehn Tagen ohne Angabe von Gr\u00fcnden diesen Vertrag zu widerrufen. Die Widerrufsfrist betr\u00e4gt vierzehn Tage ab dem Tag des Vertragsschlusses. Um Ihr Widerrufsrecht auszu\u00fcben, m\u00fcssen Sie uns (Kairos PRO Consulting GmbH, Am Hochacker 3, D-85630 Grasbrunn, Telefon: +49 89 999 54 547, E-Mail: office@kairos-pro.de) mittels einer eindeutigen Erkl\u00e4rung (z. B. ein mit der Post versandter Brief, Fax oder E-Mail) \u00fcber Ihren Entschluss, diesen Vertrag zu widerrufen, informieren. Sie k\u00f6nnen daf\u00fcr das beigef\u00fcgte Muster-Widerrufsformular verwenden, das jedoch nicht vorgeschrieben ist. Zur Wahrung der Widerrufsfrist reicht es aus, dass Sie die Mitteilung \u00fcber die Aus\u00fcbung des Widerrufsrechts vor Ablauf der Widerrufsfrist absenden.<\/p>\n<h2><strong>Folgen des Widerrufs<\/strong><\/h2>\n<p>Wenn Sie diesen Vertrag widerrufen, haben wir Ihnen alle Zahlungen, die wir von Ihnen erhalten haben, einschlie\u00dflich der&nbsp;<span style=\"color: var( --e-global-color-text ); font-weight: var( --e-global-typography-text-font-weight );\">Lieferkosten (mit Ausnahme der zus\u00e4tzlichen Kosten, die sich daraus ergeben, dass Sie eine andere Art der Lieferung als die&nbsp;<\/span><span style=\"color: var( --e-global-color-text ); font-weight: var( --e-global-typography-text-font-weight );\">von uns angebotene, g\u00fcnstigste Standardlieferung gew\u00e4hlt haben), unverz\u00fcglich und sp\u00e4testens binnen vierzehn Tagen ab&nbsp;<\/span><span style=\"color: var( --e-global-color-text ); font-weight: var( --e-global-typography-text-font-weight );\">dem Tag zur\u00fcckzuzahlen, an dem die Mitteilung \u00fcber Ihren Widerruf dieses Vertrags bei uns eingegangen ist. F\u00fcr diese&nbsp;<\/span><span style=\"color: var( --e-global-color-text ); font-weight: var( --e-global-typography-text-font-weight );\">R\u00fcckzahlung verwenden wir dasselbe Zahlungsmittel, das Sie bei der urspr\u00fcnglichen Transaktion eingesetzt haben, es sei&nbsp;<\/span><span style=\"color: var( --e-global-color-text ); font-weight: var( --e-global-typography-text-font-weight );\">denn, mit Ihnen wurde ausdr\u00fccklich etwas anderes vereinbart; in keinem Fall werden Ihnen wegen dieser R\u00fcckzahlung Entgelte&nbsp;<\/span><span style=\"color: var( --e-global-color-text ); font-weight: var( --e-global-typography-text-font-weight );\">berechnet. Haben Sie verlangt, dass die Dienstleistungen w\u00e4hrend der Widerrufsfrist beginnen soll, so haben Sie uns einen&nbsp;<\/span><span style=\"color: var( --e-global-color-text ); font-weight: var( --e-global-typography-text-font-weight );\">angemessenen Betrag zu zahlen, der dem Anteil der bis zu dem Zeitpunkt, zu dem Sie uns von der Aus\u00fcbung des&nbsp;<\/span><span style=\"color: var( --e-global-color-text ); font-weight: var( --e-global-typography-text-font-weight );\">Widerrufsrechts hinsichtlich dieses Vertrags unterrichten, bereits erbrachten Dienstleistungen im Vergleich zum Gesamtumfang der im Vertrag vorgesehenen Dienstleistungen entspricht.<\/span><\/p>\n<ol start=\"2\">\n<li>Das Widerrufsrecht besteht nicht, erlischt oder kann ausgeschlossen werden, wenn ein gesetzlich geregelter Fall, eine entsprechende gerichtliche Entscheidung oder ein sonstiger rechtlicher Grund besteht. Gesetzlich geregelte F\u00e4lle ergeben sich insbesondere aus \u00a7\u00a7 312 g Absatz 2 oder 356 BGB.<\/li>\n<li>Das Widerrufsrecht erlischt bei einem Vertrag \u00fcber die Lieferung von nicht auf einem k\u00f6rperlichen Datentr\u00e4ger befindlichen digitalen Inhalten auch dann, wenn der Unternehmer mit der Ausf\u00fchrung des Vertrags begonnen hat, nachdem der Verbraucher<\/li>\n<\/ol>\n<p>3.1. ausdr\u00fccklich zugestimmt hat, dass der Unternehmer mit der Ausf\u00fchrung des Vertrags vor Ablauf der Widerrufsfrist&nbsp;<span style=\"color: var( --e-global-color-text ); font-weight: var( --e-global-typography-text-font-weight );\">beginnt, und<\/span><\/p>\n<p>3.2. seine&nbsp;Kenntnis davon best\u00e4tigt hat, dass er durch seine Zustimmung mit Beginn der Ausf\u00fchrung des Vertrags&nbsp;<span style=\"color: var( --e-global-color-text ); font-weight: var( --e-global-typography-text-font-weight );\">sein Widerrufsrecht verliert.<\/span><\/p>\n<ol start=\"4\">\n<li>Das Widerrufsrecht erlischt insbesondere bei einem Vertrag zur Erbringung von Dienstleistungen auch dann, wenn der Unternehmer die Dienstleistung vollst\u00e4ndig erbracht hat und mit der Ausf\u00fchrung der Dienstleistung erst begonnen hat, nachdem der Verbraucher dazu seine ausdr\u00fcckliche Zustimmung gegeben hat und gleichzeitig seine Kenntnis davon best\u00e4tigt hat, dass er sein Widerrufsrecht bei vollst\u00e4ndiger Vertragserf\u00fcllung durch den Unternehmer verliert. Bei einem au\u00dferhalb von Gesch\u00e4ftsr\u00e4umen geschlossenen Vertrag muss die Zustimmung des Verbrauchers auf einem dauerhaften Datentr\u00e4ger \u00fcbermittelt werden. Bei einem Vertrag \u00fcber die Erbringung von Finanzdienstleistungen erlischt das Widerrufsrecht abweichend von Satz 1, wenn der Vertrag von beiden Seiten auf ausdr\u00fccklichen Wunsch des Verbrauchers vollst\u00e4ndig erf\u00fcllt ist, bevor der Verbraucher sein Widerrufsrecht aus\u00fcbt.<\/li>\n<\/ol>\n<h3><strong>Muster-Widerrufsformular<\/strong><\/h3>\n<p>Wenn Sie den Vertrag widerrufen wollen, dann f\u00fcllen Sie bitte dieses Formular aus und senden es zur\u00fcck an:<\/p>\n<p><strong>Kairos PRO Consulting GmbH<br><\/strong><b style=\"color: var( --e-global-color-text );\">Am Hochacker 3<br><\/b><b style=\"color: var( --e-global-color-text );\">D-85630 Grasbrunn<br><\/b><b style=\"color: var( --e-global-color-text );\">Telefon: 089 999 54 547<br><\/b><b style=\"color: var( --e-global-color-text );\">Telefax: 089 999 54 879<br><\/b><b style=\"color: var( --e-global-color-text );\">E-Mail: office@kairos-pro.de<\/b><\/p>\n<p>\u2014 &nbsp;Hiermit widerrufe(n) ich\/wir (*) den von mir\/uns (*) abgeschlossenen Vertrag \u00fcber die Erbringung der folgenden<br>Dienstleistung (*):<\/p>\n<p>\u2014 &nbsp;Bestellt am (*) \/ erhalten am (*):<\/p>\n<p>\u2014 &nbsp;Name des\/der Verbraucher(s):<\/p>\n<p>\u2014 &nbsp;Anschrift des\/der Verbraucher(s):<\/p>\n<p>\u2014 &nbsp;Unterschrift des\/der Verbraucher(s) (nur bei Mitteilung auf Papier)<\/p>\n<p>\u2014 Datum _______________ (*)<\/p>\n<p>(*) Unzutreffendes streichen.<\/p>\n<p><strong><br>&#8211;&nbsp; Ende dieses Musterwiderrufsformulars &#8211;<\/strong><\/p>\t\t\t\t\t\t\t\t<\/div>\n\t\t\t\t<\/div>\n\t\t\t\t\t<\/div>\n\t\t<\/div>\n\t\t\t\t\t<\/div>\n\t\t<\/section>\n\t\t\t\t<\/div>","protected":false},"excerpt":{"rendered":"<p>Kairos Pro Consulting GmbH, Stand: 11.2024 Widerrufsbelehrung f\u00fcr digitale Inhalte Falls Sie Unternehmer im Sinne des \u00a7 14 BGB sind, besteht das Widerrufsrecht nicht. F\u00fcr Verbraucher gilt Folgendes: Widerrufsrecht Sie haben das Recht, binnen vierzehn Tagen ohne Angabe von Gr\u00fcnden diesen Vertrag zu widerrufen. Die Widerrufsfrist betr\u00e4gt vierzehn Tage ab dem Tag des Vertragsschlusses. Um [&hellip;]<\/p>\n","protected":false},"author":5,"featured_media":0,"parent":0,"menu_order":0,"comment_status":"closed","ping_status":"closed","template":"elementor_header_footer","meta":{"_acf_changed":false,"footnotes":""},"class_list":["post-2636","page","type-page","status-publish","hentry"],"acf":[],"yoast_head":"<!-- This site is optimized with the Yoast SEO plugin v26.6 - https:\/\/yoast.com\/wordpress\/plugins\/seo\/ -->\n<title>Widerrufsbelehrung | Kairos PRO Consulting GmbH<\/title>\n<meta name=\"description\" content=\"Widerrufsbelehrung der Kairos PRO Consulting GmbH\" \/>\n<meta name=\"robots\" content=\"noindex, nofollow\" \/>\n<meta property=\"og:locale\" content=\"en_GB\" \/>\n<meta property=\"og:type\" content=\"article\" \/>\n<meta property=\"og:title\" content=\"Widerrufsbelehrung | Kairos PRO Consulting GmbH\" \/>\n<meta property=\"og:description\" content=\"Widerrufsbelehrung der Kairos PRO Consulting GmbH\" \/>\n<meta property=\"og:url\" content=\"https:\/\/kairos-pro.de\/en\/widerruf\/\" \/>\n<meta property=\"og:site_name\" content=\"Kairos PRO Consulting\" \/>\n<meta property=\"article:modified_time\" content=\"2025-12-02T09:08:26+00:00\" \/>\n<meta name=\"twitter:card\" content=\"summary_large_image\" \/>\n<meta name=\"twitter:label1\" content=\"Estimated reading time\" \/>\n\t<meta name=\"twitter:data1\" content=\"4 minutes\" \/>\n<script type=\"application\/ld+json\" class=\"yoast-schema-graph\">{\"@context\":\"https:\/\/schema.org\",\"@graph\":[{\"@type\":\"WebPage\",\"@id\":\"https:\/\/kairos-pro.de\/widerruf\/\",\"url\":\"https:\/\/kairos-pro.de\/widerruf\/\",\"name\":\"Widerrufsbelehrung | Kairos PRO Consulting GmbH\",\"isPartOf\":{\"@id\":\"https:\/\/kairos-pro.de\/#website\"},\"datePublished\":\"2024-10-10T07:00:57+00:00\",\"dateModified\":\"2025-12-02T09:08:26+00:00\",\"description\":\"Widerrufsbelehrung der Kairos PRO Consulting GmbH\",\"breadcrumb\":{\"@id\":\"https:\/\/kairos-pro.de\/widerruf\/#breadcrumb\"},\"inLanguage\":\"en-GB\",\"potentialAction\":[{\"@type\":\"ReadAction\",\"target\":[\"https:\/\/kairos-pro.de\/widerruf\/\"]}]},{\"@type\":\"BreadcrumbList\",\"@id\":\"https:\/\/kairos-pro.de\/widerruf\/#breadcrumb\",\"itemListElement\":[{\"@type\":\"ListItem\",\"position\":1,\"name\":\"Startseite\",\"item\":\"https:\/\/kairos-pro.de\/\"},{\"@type\":\"ListItem\",\"position\":2,\"name\":\"Widerrufsbelehrung\"}]},{\"@type\":\"WebSite\",\"@id\":\"https:\/\/kairos-pro.de\/#website\",\"url\":\"https:\/\/kairos-pro.de\/\",\"name\":\"Kairos PRO Consulting GmbH\",\"description\":\"Enabling S\/4-HANA Excellence\",\"publisher\":{\"@id\":\"https:\/\/kairos-pro.de\/#organization\"},\"potentialAction\":[{\"@type\":\"SearchAction\",\"target\":{\"@type\":\"EntryPoint\",\"urlTemplate\":\"https:\/\/kairos-pro.de\/?s={search_term_string}\"},\"query-input\":{\"@type\":\"PropertyValueSpecification\",\"valueRequired\":true,\"valueName\":\"search_term_string\"}}],\"inLanguage\":\"en-GB\"},{\"@type\":\"Organization\",\"@id\":\"https:\/\/kairos-pro.de\/#organization\",\"name\":\"Kairos PRO Consulting GmbH\",\"url\":\"https:\/\/kairos-pro.de\/\",\"logo\":{\"@type\":\"ImageObject\",\"inLanguage\":\"en-GB\",\"@id\":\"https:\/\/kairos-pro.de\/#\/schema\/logo\/image\/\",\"url\":\"https:\/\/kairos-pro.de\/wp-content\/uploads\/2024\/11\/logo-kairos-pro-01.png\",\"contentUrl\":\"https:\/\/kairos-pro.de\/wp-content\/uploads\/2024\/11\/logo-kairos-pro-01.png\",\"width\":765,\"height\":143,\"caption\":\"Kairos PRO Consulting GmbH\"},\"image\":{\"@id\":\"https:\/\/kairos-pro.de\/#\/schema\/logo\/image\/\"}}]}<\/script>\n<!-- \/ Yoast SEO plugin. -->","yoast_head_json":{"title":"Widerrufsbelehrung | Kairos PRO Consulting GmbH","description":"Widerrufsbelehrung der Kairos PRO Consulting GmbH","robots":{"index":"noindex","follow":"nofollow"},"og_locale":"en_GB","og_type":"article","og_title":"Widerrufsbelehrung | Kairos PRO Consulting GmbH","og_description":"Widerrufsbelehrung der Kairos PRO Consulting GmbH","og_url":"https:\/\/kairos-pro.de\/en\/widerruf\/","og_site_name":"Kairos PRO Consulting","article_modified_time":"2025-12-02T09:08:26+00:00","twitter_card":"summary_large_image","twitter_misc":{"Estimated reading time":"4 minutes"},"schema":{"@context":"https:\/\/schema.org","@graph":[{"@type":"WebPage","@id":"https:\/\/kairos-pro.de\/widerruf\/","url":"https:\/\/kairos-pro.de\/widerruf\/","name":"Widerrufsbelehrung | Kairos PRO Consulting GmbH","isPartOf":{"@id":"https:\/\/kairos-pro.de\/#website"},"datePublished":"2024-10-10T07:00:57+00:00","dateModified":"2025-12-02T09:08:26+00:00","description":"Widerrufsbelehrung der Kairos PRO Consulting GmbH","breadcrumb":{"@id":"https:\/\/kairos-pro.de\/widerruf\/#breadcrumb"},"inLanguage":"en-GB","potentialAction":[{"@type":"ReadAction","target":["https:\/\/kairos-pro.de\/widerruf\/"]}]},{"@type":"BreadcrumbList","@id":"https:\/\/kairos-pro.de\/widerruf\/#breadcrumb","itemListElement":[{"@type":"ListItem","position":1,"name":"Startseite","item":"https:\/\/kairos-pro.de\/"},{"@type":"ListItem","position":2,"name":"Widerrufsbelehrung"}]},{"@type":"WebSite","@id":"https:\/\/kairos-pro.de\/#website","url":"https:\/\/kairos-pro.de\/","name":"Kairos PRO Consulting GmbH","description":"Enabling S\/4-HANA Excellence","publisher":{"@id":"https:\/\/kairos-pro.de\/#organization"},"potentialAction":[{"@type":"SearchAction","target":{"@type":"EntryPoint","urlTemplate":"https:\/\/kairos-pro.de\/?s={search_term_string}"},"query-input":{"@type":"PropertyValueSpecification","valueRequired":true,"valueName":"search_term_string"}}],"inLanguage":"en-GB"},{"@type":"Organization","@id":"https:\/\/kairos-pro.de\/#organization","name":"Kairos PRO Consulting GmbH","url":"https:\/\/kairos-pro.de\/","logo":{"@type":"ImageObject","inLanguage":"en-GB","@id":"https:\/\/kairos-pro.de\/#\/schema\/logo\/image\/","url":"https:\/\/kairos-pro.de\/wp-content\/uploads\/2024\/11\/logo-kairos-pro-01.png","contentUrl":"https:\/\/kairos-pro.de\/wp-content\/uploads\/2024\/11\/logo-kairos-pro-01.png","width":765,"height":143,"caption":"Kairos PRO Consulting GmbH"},"image":{"@id":"https:\/\/kairos-pro.de\/#\/schema\/logo\/image\/"}}]}},"_links":{"self":[{"href":"https:\/\/kairos-pro.de\/en\/wp-json\/wp\/v2\/pages\/2636","targetHints":{"allow":["GET"]}}],"collection":[{"href":"https:\/\/kairos-pro.de\/en\/wp-json\/wp\/v2\/pages"}],"about":[{"href":"https:\/\/kairos-pro.de\/en\/wp-json\/wp\/v2\/types\/page"}],"author":[{"embeddable":true,"href":"https:\/\/kairos-pro.de\/en\/wp-json\/wp\/v2\/users\/5"}],"replies":[{"embeddable":true,"href":"https:\/\/kairos-pro.de\/en\/wp-json\/wp\/v2\/comments?post=2636"}],"version-history":[{"count":16,"href":"https:\/\/kairos-pro.de\/en\/wp-json\/wp\/v2\/pages\/2636\/revisions"}],"predecessor-version":[{"id":3137,"href":"https:\/\/kairos-pro.de\/en\/wp-json\/wp\/v2\/pages\/2636\/revisions\/3137"}],"wp:attachment":[{"href":"https:\/\/kairos-pro.de\/en\/wp-json\/wp\/v2\/media?parent=2636"}],"curies":[{"name":"wp","href":"https:\/\/api.w.org\/{rel}","templated":true}]}}