{"id":5446,"date":"2025-11-09T17:51:44","date_gmt":"2025-11-09T16:51:44","guid":{"rendered":"https:\/\/kairos-pro.de\/?page_id=5446"},"modified":"2025-11-18T16:47:48","modified_gmt":"2025-11-18T15:47:48","slug":"newsletter-bestaetigungsseite","status":"publish","type":"page","link":"http:\/\/kairos-pro.de\/en\/newsletter-bestaetigungsseite\/","title":{"rendered":"Newsletter Best\u00e4tigungsseite"},"content":{"rendered":"<div data-elementor-type=\"wp-page\" data-elementor-id=\"5446\" class=\"elementor elementor-5446\" data-elementor-post-type=\"page\">\n\t\t\t\t<div class=\"elementor-element elementor-element-f71c427 e-flex e-con-boxed e-con e-parent\" data-id=\"f71c427\" data-element_type=\"container\">\n\t\t\t\t\t<div class=\"e-con-inner\">\n\t\t<div class=\"elementor-element elementor-element-65ae7a4 e-flex e-con-boxed e-con e-child\" data-id=\"65ae7a4\" data-element_type=\"container\">\n\t\t\t\t\t<div class=\"e-con-inner\">\n\t\t\t\t<div class=\"elementor-element elementor-element-54c472a elementor-widget elementor-widget-heading\" data-id=\"54c472a\" data-element_type=\"widget\" data-widget_type=\"heading.default\">\n\t\t\t\t<div class=\"elementor-widget-container\">\n\t\t\t\t\t<h4 class=\"elementor-heading-title elementor-size-default\">Fast geschafft! <br>Bitte best\u00e4tigen Sie Ihre Anmeldung.<\/h4>\t\t\t\t<\/div>\n\t\t\t\t<\/div>\n\t\t\t\t<div class=\"elementor-element elementor-element-3454afb elementor-widget elementor-widget-text-editor\" data-id=\"3454afb\" data-element_type=\"widget\" data-widget_type=\"text-editor.default\">\n\t\t\t\t<div class=\"elementor-widget-container\">\n\t\t\t\t\t\t\t\t\t<p>Wir freuen uns \u00fcber Ihr Interesse an unserem Newsletter!<br \/>Um Ihre Anmeldung abzuschlie\u00dfen, klicken Sie bitte auf den Best\u00e4tigungslink, <br \/>in der E-Mail, die wir Ihnen soeben zugesendet haben.\u00a0<\/p>\t\t\t\t\t\t\t\t<\/div>\n\t\t\t\t<\/div>\n\t\t\t\t\t<\/div>\n\t\t\t\t<\/div>\n\t\t\t\t<div class=\"elementor-element elementor-element-4be55c8 elementor-widget elementor-widget-image\" data-id=\"4be55c8\" data-element_type=\"widget\" data-widget_type=\"image.default\">\n\t\t\t\t<div class=\"elementor-widget-container\">\n\t\t\t\t\t\t\t\t\t\t\t\t\t\t\t<img fetchpriority=\"high\" decoding=\"async\" width=\"722\" height=\"276\" src=\"https:\/\/kairos-pro.de\/wp-content\/uploads\/2025\/11\/newsletter_process.png\" class=\"attachment-large size-large wp-image-5515\" alt=\"\" srcset=\"https:\/\/kairos-pro.de\/wp-content\/uploads\/2025\/11\/newsletter_process.png 722w, https:\/\/kairos-pro.de\/wp-content\/uploads\/2025\/11\/newsletter_process-300x115.png 300w, https:\/\/kairos-pro.de\/wp-content\/uploads\/2025\/11\/newsletter_process-18x7.png 18w, https:\/\/kairos-pro.de\/wp-content\/uploads\/2025\/11\/newsletter_process-600x229.png 600w\" sizes=\"(max-width: 722px) 100vw, 722px\" \/>\t\t\t\t\t\t\t\t\t\t\t\t\t\t\t<\/div>\n\t\t\t\t<\/div>\n\t\t<div class=\"elementor-element elementor-element-92abe06 e-con-full e-flex e-con e-child\" data-id=\"92abe06\" data-element_type=\"container\">\n\t\t\t\t<div class=\"elementor-element elementor-element-43e2365 elementor-widget elementor-widget-html\" data-id=\"43e2365\" data-element_type=\"widget\" data-widget_type=\"html.default\">\n\t\t\t\t<div class=\"elementor-widget-container\">\n\t\t\t\t\t<br><a class=\"newsletter-back-button\" href=\"\/en\/\">Zur\u00fcck<\/a>\t\t\t\t<\/div>\n\t\t\t\t<\/div>\n\t\t\t\t<\/div>\n\t\t\t\t\t<\/div>\n\t\t\t\t<\/div>\n\t\t\t\t<\/div>","protected":false},"excerpt":{"rendered":"<p>Fast geschafft! Bitte best\u00e4tigen Sie Ihre Anmeldung. Wir freuen uns \u00fcber Ihr Interesse an unserem Newsletter!Um Ihre Anmeldung abzuschlie\u00dfen, klicken Sie bitte auf den Best\u00e4tigungslink, in der E-Mail, die wir Ihnen soeben zugesendet haben.\u00a0 Zur\u00fcck<\/p>","protected":false},"author":6,"featured_media":0,"parent":0,"menu_order":0,"comment_status":"closed","ping_status":"closed","template":"elementor_canvas","meta":{"_acf_changed":false,"footnotes":""},"class_list":["post-5446","page","type-page","status-publish","hentry"],"acf":[],"yoast_head":"<!-- This site is optimized with the Yoast SEO plugin v26.6 - https:\/\/yoast.com\/wordpress\/plugins\/seo\/ -->\n<title>Newsletter Best\u00e4tigungsseite - Kairos PRO Consulting<\/title>\n<meta name=\"robots\" content=\"index, follow, max-snippet:-1, max-image-preview:large, max-video-preview:-1\" \/>\n<link rel=\"canonical\" href=\"https:\/\/kairos-pro.de\/en\/newsletter-bestaetigungsseite\/\" \/>\n<meta property=\"og:locale\" content=\"en_GB\" \/>\n<meta property=\"og:type\" content=\"article\" \/>\n<meta property=\"og:title\" content=\"Newsletter Best\u00e4tigungsseite - Kairos PRO Consulting\" \/>\n<meta property=\"og:description\" content=\"Fast geschafft! Bitte best\u00e4tigen Sie Ihre Anmeldung. Wir freuen uns \u00fcber Ihr Interesse an unserem Newsletter!Um Ihre Anmeldung abzuschlie\u00dfen, klicken Sie bitte auf den Best\u00e4tigungslink, in der E-Mail, die wir Ihnen soeben zugesendet haben.\u00a0 Zur\u00fcck\" \/>\n<meta property=\"og:url\" content=\"https:\/\/kairos-pro.de\/en\/newsletter-bestaetigungsseite\/\" \/>\n<meta property=\"og:site_name\" content=\"Kairos PRO Consulting\" \/>\n<meta property=\"article:modified_time\" content=\"2025-11-18T15:47:48+00:00\" \/>\n<meta property=\"og:image\" content=\"https:\/\/kairos-pro.de\/wp-content\/uploads\/2025\/11\/newsletter_process.png\" \/>\n\t<meta property=\"og:image:width\" content=\"722\" \/>\n\t<meta property=\"og:image:height\" content=\"276\" \/>\n\t<meta property=\"og:image:type\" content=\"image\/png\" \/>\n<meta name=\"twitter:card\" content=\"summary_large_image\" \/>\n<meta name=\"twitter:label1\" content=\"Estimated reading time\" \/>\n\t<meta name=\"twitter:data1\" content=\"1 minute\" \/>\n<script type=\"application\/ld+json\" class=\"yoast-schema-graph\">{\"@context\":\"https:\/\/schema.org\",\"@graph\":[{\"@type\":\"WebPage\",\"@id\":\"https:\/\/kairos-pro.de\/newsletter-bestaetigungsseite\/\",\"url\":\"https:\/\/kairos-pro.de\/newsletter-bestaetigungsseite\/\",\"name\":\"Newsletter Best\u00e4tigungsseite - Kairos PRO Consulting\",\"isPartOf\":{\"@id\":\"https:\/\/kairos-pro.de\/#website\"},\"primaryImageOfPage\":{\"@id\":\"https:\/\/kairos-pro.de\/newsletter-bestaetigungsseite\/#primaryimage\"},\"image\":{\"@id\":\"https:\/\/kairos-pro.de\/newsletter-bestaetigungsseite\/#primaryimage\"},\"thumbnailUrl\":\"https:\/\/kairos-pro.de\/wp-content\/uploads\/2025\/11\/newsletter_process.png\",\"datePublished\":\"2025-11-09T16:51:44+00:00\",\"dateModified\":\"2025-11-18T15:47:48+00:00\",\"breadcrumb\":{\"@id\":\"https:\/\/kairos-pro.de\/newsletter-bestaetigungsseite\/#breadcrumb\"},\"inLanguage\":\"en-GB\",\"potentialAction\":[{\"@type\":\"ReadAction\",\"target\":[\"https:\/\/kairos-pro.de\/newsletter-bestaetigungsseite\/\"]}]},{\"@type\":\"ImageObject\",\"inLanguage\":\"en-GB\",\"@id\":\"https:\/\/kairos-pro.de\/newsletter-bestaetigungsseite\/#primaryimage\",\"url\":\"https:\/\/kairos-pro.de\/wp-content\/uploads\/2025\/11\/newsletter_process.png\",\"contentUrl\":\"https:\/\/kairos-pro.de\/wp-content\/uploads\/2025\/11\/newsletter_process.png\"},{\"@type\":\"BreadcrumbList\",\"@id\":\"https:\/\/kairos-pro.de\/newsletter-bestaetigungsseite\/#breadcrumb\",\"itemListElement\":[{\"@type\":\"ListItem\",\"position\":1,\"name\":\"Startseite\",\"item\":\"https:\/\/kairos-pro.de\/\"},{\"@type\":\"ListItem\",\"position\":2,\"name\":\"Newsletter Best\u00e4tigungsseite\"}]},{\"@type\":\"WebSite\",\"@id\":\"https:\/\/kairos-pro.de\/#website\",\"url\":\"https:\/\/kairos-pro.de\/\",\"name\":\"Kairos PRO Consulting GmbH\",\"description\":\"Enabling S\/4-HANA Excellence\",\"publisher\":{\"@id\":\"https:\/\/kairos-pro.de\/#organization\"},\"potentialAction\":[{\"@type\":\"SearchAction\",\"target\":{\"@type\":\"EntryPoint\",\"urlTemplate\":\"https:\/\/kairos-pro.de\/?s={search_term_string}\"},\"query-input\":{\"@type\":\"PropertyValueSpecification\",\"valueRequired\":true,\"valueName\":\"search_term_string\"}}],\"inLanguage\":\"en-GB\"},{\"@type\":\"Organization\",\"@id\":\"https:\/\/kairos-pro.de\/#organization\",\"name\":\"Kairos PRO Consulting GmbH\",\"url\":\"https:\/\/kairos-pro.de\/\",\"logo\":{\"@type\":\"ImageObject\",\"inLanguage\":\"en-GB\",\"@id\":\"https:\/\/kairos-pro.de\/#\/schema\/logo\/image\/\",\"url\":\"https:\/\/kairos-pro.de\/wp-content\/uploads\/2024\/11\/logo-kairos-pro-01.png\",\"contentUrl\":\"https:\/\/kairos-pro.de\/wp-content\/uploads\/2024\/11\/logo-kairos-pro-01.png\",\"width\":765,\"height\":143,\"caption\":\"Kairos PRO Consulting GmbH\"},\"image\":{\"@id\":\"https:\/\/kairos-pro.de\/#\/schema\/logo\/image\/\"}}]}<\/script>\n<!-- \/ Yoast SEO plugin. -->","yoast_head_json":{"title":"Newsletter Best\u00e4tigungsseite - Kairos PRO Consulting","robots":{"index":"index","follow":"follow","max-snippet":"max-snippet:-1","max-image-preview":"max-image-preview:large","max-video-preview":"max-video-preview:-1"},"canonical":"https:\/\/kairos-pro.de\/en\/newsletter-bestaetigungsseite\/","og_locale":"en_GB","og_type":"article","og_title":"Newsletter Best\u00e4tigungsseite - Kairos PRO Consulting","og_description":"Fast geschafft! Bitte best\u00e4tigen Sie Ihre Anmeldung. Wir freuen uns \u00fcber Ihr Interesse an unserem Newsletter!Um Ihre Anmeldung abzuschlie\u00dfen, klicken Sie bitte auf den Best\u00e4tigungslink, in der E-Mail, die wir Ihnen soeben zugesendet haben.\u00a0 Zur\u00fcck","og_url":"https:\/\/kairos-pro.de\/en\/newsletter-bestaetigungsseite\/","og_site_name":"Kairos PRO Consulting","article_modified_time":"2025-11-18T15:47:48+00:00","og_image":[{"width":722,"height":276,"url":"https:\/\/kairos-pro.de\/wp-content\/uploads\/2025\/11\/newsletter_process.png","type":"image\/png"}],"twitter_card":"summary_large_image","twitter_misc":{"Estimated reading time":"1 minute"},"schema":{"@context":"https:\/\/schema.org","@graph":[{"@type":"WebPage","@id":"https:\/\/kairos-pro.de\/newsletter-bestaetigungsseite\/","url":"https:\/\/kairos-pro.de\/newsletter-bestaetigungsseite\/","name":"Newsletter Best\u00e4tigungsseite - Kairos PRO Consulting","isPartOf":{"@id":"https:\/\/kairos-pro.de\/#website"},"primaryImageOfPage":{"@id":"https:\/\/kairos-pro.de\/newsletter-bestaetigungsseite\/#primaryimage"},"image":{"@id":"https:\/\/kairos-pro.de\/newsletter-bestaetigungsseite\/#primaryimage"},"thumbnailUrl":"https:\/\/kairos-pro.de\/wp-content\/uploads\/2025\/11\/newsletter_process.png","datePublished":"2025-11-09T16:51:44+00:00","dateModified":"2025-11-18T15:47:48+00:00","breadcrumb":{"@id":"https:\/\/kairos-pro.de\/newsletter-bestaetigungsseite\/#breadcrumb"},"inLanguage":"en-GB","potentialAction":[{"@type":"ReadAction","target":["https:\/\/kairos-pro.de\/newsletter-bestaetigungsseite\/"]}]},{"@type":"ImageObject","inLanguage":"en-GB","@id":"https:\/\/kairos-pro.de\/newsletter-bestaetigungsseite\/#primaryimage","url":"https:\/\/kairos-pro.de\/wp-content\/uploads\/2025\/11\/newsletter_process.png","contentUrl":"https:\/\/kairos-pro.de\/wp-content\/uploads\/2025\/11\/newsletter_process.png"},{"@type":"BreadcrumbList","@id":"https:\/\/kairos-pro.de\/newsletter-bestaetigungsseite\/#breadcrumb","itemListElement":[{"@type":"ListItem","position":1,"name":"Startseite","item":"https:\/\/kairos-pro.de\/"},{"@type":"ListItem","position":2,"name":"Newsletter Best\u00e4tigungsseite"}]},{"@type":"WebSite","@id":"https:\/\/kairos-pro.de\/#website","url":"https:\/\/kairos-pro.de\/","name":"Kairos PRO Consulting GmbH","description":"Enabling S\/4-HANA Excellence","publisher":{"@id":"https:\/\/kairos-pro.de\/#organization"},"potentialAction":[{"@type":"SearchAction","target":{"@type":"EntryPoint","urlTemplate":"https:\/\/kairos-pro.de\/?s={search_term_string}"},"query-input":{"@type":"PropertyValueSpecification","valueRequired":true,"valueName":"search_term_string"}}],"inLanguage":"en-GB"},{"@type":"Organization","@id":"https:\/\/kairos-pro.de\/#organization","name":"Kairos PRO Consulting GmbH","url":"https:\/\/kairos-pro.de\/","logo":{"@type":"ImageObject","inLanguage":"en-GB","@id":"https:\/\/kairos-pro.de\/#\/schema\/logo\/image\/","url":"https:\/\/kairos-pro.de\/wp-content\/uploads\/2024\/11\/logo-kairos-pro-01.png","contentUrl":"https:\/\/kairos-pro.de\/wp-content\/uploads\/2024\/11\/logo-kairos-pro-01.png","width":765,"height":143,"caption":"Kairos PRO Consulting GmbH"},"image":{"@id":"https:\/\/kairos-pro.de\/#\/schema\/logo\/image\/"}}]}},"_links":{"self":[{"href":"http:\/\/kairos-pro.de\/en\/wp-json\/wp\/v2\/pages\/5446","targetHints":{"allow":["GET"]}}],"collection":[{"href":"http:\/\/kairos-pro.de\/en\/wp-json\/wp\/v2\/pages"}],"about":[{"href":"http:\/\/kairos-pro.de\/en\/wp-json\/wp\/v2\/types\/page"}],"author":[{"embeddable":true,"href":"http:\/\/kairos-pro.de\/en\/wp-json\/wp\/v2\/users\/6"}],"replies":[{"embeddable":true,"href":"http:\/\/kairos-pro.de\/en\/wp-json\/wp\/v2\/comments?post=5446"}],"version-history":[{"count":19,"href":"http:\/\/kairos-pro.de\/en\/wp-json\/wp\/v2\/pages\/5446\/revisions"}],"predecessor-version":[{"id":5594,"href":"http:\/\/kairos-pro.de\/en\/wp-json\/wp\/v2\/pages\/5446\/revisions\/5594"}],"wp:attachment":[{"href":"http:\/\/kairos-pro.de\/en\/wp-json\/wp\/v2\/media?parent=5446"}],"curies":[{"name":"wp","href":"https:\/\/api.w.org\/{rel}","templated":true}]}}